{"id":142,"date":"2019-02-19T22:00:15","date_gmt":"2019-02-19T20:00:15","guid":{"rendered":"https:\/\/panoraama.com\/website\/?page_id=142"},"modified":"2025-03-11T09:17:23","modified_gmt":"2025-03-11T07:17:23","slug":"skimap3d","status":"publish","type":"page","link":"https:\/\/panoraama.com\/website\/skimap3d\/","title":{"rendered":"SkiMap3D"},"content":{"rendered":"\t\t<div data-elementor-type=\"wp-post\" data-elementor-id=\"142\" class=\"elementor elementor-142\">\n\t\t\t\t\t\t<section class=\"elementor-section elementor-top-section elementor-element elementor-element-51a34fa8 elementor-section-height-min-height elementor-hidden-desktop elementor-hidden-tablet elementor-hidden-phone elementor-section-boxed elementor-section-height-default elementor-section-items-middle\" data-id=\"51a34fa8\" data-element_type=\"section\" data-e-type=\"section\" data-settings=\"{&quot;background_background&quot;:&quot;classic&quot;}\">\n\t\t\t\t\t\t\t<div class=\"elementor-background-overlay\"><\/div>\n\t\t\t\t\t\t\t<div class=\"elementor-container elementor-column-gap-default\">\n\t\t\t\t\t<div class=\"elementor-column elementor-col-100 elementor-top-column elementor-element elementor-element-2795bd4\" data-id=\"2795bd4\" data-element_type=\"column\" data-e-type=\"column\">\n\t\t\t<div class=\"elementor-widget-wrap\">\n\t\t\t\t\t\t\t<\/div>\n\t\t<\/div>\n\t\t\t\t\t<\/div>\n\t\t<\/section>\n\t\t\t\t<section class=\"elementor-section elementor-top-section elementor-element elementor-element-3cc2ab2 elementor-section-height-min-height elementor-section-boxed elementor-section-height-default elementor-section-items-middle\" data-id=\"3cc2ab2\" data-element_type=\"section\" data-e-type=\"section\" data-settings=\"{&quot;background_background&quot;:&quot;classic&quot;}\">\n\t\t\t\t\t\t\t<div class=\"elementor-background-overlay\"><\/div>\n\t\t\t\t\t\t\t<div class=\"elementor-container elementor-column-gap-default\">\n\t\t\t\t\t<div class=\"elementor-column elementor-col-100 elementor-top-column elementor-element elementor-element-74b425e\" data-id=\"74b425e\" data-element_type=\"column\" data-e-type=\"column\">\n\t\t\t<div class=\"elementor-widget-wrap elementor-element-populated\">\n\t\t\t\t\t\t<div class=\"elementor-element elementor-element-6a79bd43 elementor-widget elementor-widget-heading\" data-id=\"6a79bd43\" data-element_type=\"widget\" data-e-type=\"widget\" data-widget_type=\"heading.default\">\n\t\t\t\t<div class=\"elementor-widget-container\">\n\t\t\t\t\t<h1 class=\"elementor-heading-title elementor-size-default\"><span style=\"font-size:140%\">skimap3d<\/span><\/h1>\t\t\t\t<\/div>\n\t\t\t\t<\/div>\n\t\t\t\t<div class=\"elementor-element elementor-element-6659d95 elementor-widget elementor-widget-heading\" data-id=\"6659d95\" data-element_type=\"widget\" data-e-type=\"widget\" data-widget_type=\"heading.default\">\n\t\t\t\t<div class=\"elementor-widget-container\">\n\t\t\t\t\t<p class=\"elementor-heading-title elementor-size-default\">Uutta tekniikkaa edustavat 3D-kartat ja 3D-rinnekartat. Valmistamme Android- ja iOS-laitteilla toimivia sovelluksia. <br><br>SkiMap3D-rinnekartoista voidaan n\u00e4hd\u00e4 yhdell\u00e4 silm\u00e4yksell\u00e4 avoimet hissit ja rinteet. Sovelluksessa voidaan my\u00f6s katsella karttaa eri suunnista, tarkistaa oma sijainti ja mitata et\u00e4isyyksi\u00e4.<br><br>SkiMap3D-kartat mahdollistavat my\u00f6s esimerkiksi retkeilyreittien esittelemisen.<\/p>\t\t\t\t<\/div>\n\t\t\t\t<\/div>\n\t\t\t\t\t<\/div>\n\t\t<\/div>\n\t\t\t\t\t<\/div>\n\t\t<\/section>\n\t\t\t\t<section class=\"elementor-section elementor-top-section elementor-element elementor-element-4fbcac59 elementor-section-height-min-height elementor-reverse-mobile elementor-section-boxed elementor-section-height-default elementor-section-items-middle\" data-id=\"4fbcac59\" data-element_type=\"section\" data-e-type=\"section\" data-settings=\"{&quot;background_background&quot;:&quot;classic&quot;}\">\n\t\t\t\t\t\t<div class=\"elementor-container elementor-column-gap-default\">\n\t\t\t\t\t<div class=\"elementor-column elementor-col-100 elementor-top-column elementor-element elementor-element-3791f7cb\" data-id=\"3791f7cb\" data-element_type=\"column\" data-e-type=\"column\">\n\t\t\t<div class=\"elementor-widget-wrap elementor-element-populated\">\n\t\t\t\t\t\t<div class=\"elementor-element elementor-element-8c584c8 elementor-position-top elementor-widget elementor-widget-image-box\" data-id=\"8c584c8\" data-element_type=\"widget\" data-e-type=\"widget\" data-widget_type=\"image-box.default\">\n\t\t\t\t<div class=\"elementor-widget-container\">\n\t\t\t\t\t<div class=\"elementor-image-box-wrapper\"><figure class=\"elementor-image-box-img\"><img fetchpriority=\"high\" decoding=\"async\" width=\"1792\" height=\"828\" src=\"https:\/\/panoraama.com\/website\/wp-content\/uploads\/webiin_rokua.jpg\" class=\"attachment-full size-full wp-image-1152\" alt=\"\" srcset=\"https:\/\/panoraama.com\/website\/wp-content\/uploads\/webiin_rokua.jpg 1792w, https:\/\/panoraama.com\/website\/wp-content\/uploads\/webiin_rokua-300x139.jpg 300w, https:\/\/panoraama.com\/website\/wp-content\/uploads\/webiin_rokua-1024x473.jpg 1024w, https:\/\/panoraama.com\/website\/wp-content\/uploads\/webiin_rokua-768x355.jpg 768w, https:\/\/panoraama.com\/website\/wp-content\/uploads\/webiin_rokua-1536x710.jpg 1536w, https:\/\/panoraama.com\/website\/wp-content\/uploads\/webiin_rokua-1568x725.jpg 1568w\" sizes=\"(max-width: 1792px) 100vw, 1792px\" \/><\/figure><div class=\"elementor-image-box-content\"><h2 class=\"elementor-image-box-title\">Rokua Geopark 3D-kartta<\/h2><p class=\"elementor-image-box-description\">Rokuan Geopark on matkailualue, joka on saanut UNESCO Global Geopark -statuksen. Rokuan Geoparkin ainutlaatuinen geologinen ymp\u00e4rist\u00f6 on kiehtova kokonaisuus. Alue koostuu Oulujokilaaksosta, Ouluj\u00e4rvest\u00e4 sek\u00e4 Rokuan harjualueesta. T\u00e4m\u00e4n alueen ainutlaatuisuutta ja sen monipuolisia mahdollisuuksia tuodaan esille mobiililaitteissa toimivalla sovelluksella. Sovellus n\u00e4ytt\u00e4\u00e4 esimerkiksi paikannimet sek\u00e4 k\u00e4ytt\u00e4j\u00e4n sijainnin kartalla.<\/p><\/div><\/div>\t\t\t\t<\/div>\n\t\t\t\t<\/div>\n\t\t\t\t<div class=\"elementor-element elementor-element-15fe987 elementor-widget elementor-widget-video\" data-id=\"15fe987\" data-element_type=\"widget\" data-e-type=\"widget\" data-settings=\"{&quot;youtube_url&quot;:&quot;https:\\\/\\\/youtu.be\\\/ob-j5jf62Ts&quot;,&quot;video_type&quot;:&quot;youtube&quot;,&quot;controls&quot;:&quot;yes&quot;}\" data-widget_type=\"video.default\">\n\t\t\t\t<div class=\"elementor-widget-container\">\n\t\t\t\t\t\t\t<div class=\"elementor-wrapper elementor-open-inline\">\n\t\t\t<div class=\"elementor-video\"><\/div>\t\t<\/div>\n\t\t\t\t\t\t<\/div>\n\t\t\t\t<\/div>\n\t\t\t\t<div class=\"elementor-element elementor-element-5215f54 elementor-widget elementor-widget-heading\" data-id=\"5215f54\" data-element_type=\"widget\" data-e-type=\"widget\" data-widget_type=\"heading.default\">\n\t\t\t\t<div class=\"elementor-widget-container\">\n\t\t\t\t\t<h4 class=\"elementor-heading-title elementor-size-default\">Lataa Rokua Geopark -mobiilisovellus:<\/h4>\t\t\t\t<\/div>\n\t\t\t\t<\/div>\n\t\t\t\t<section class=\"elementor-section elementor-inner-section elementor-element elementor-element-1fa4dfa elementor-section-boxed elementor-section-height-default elementor-section-height-default\" data-id=\"1fa4dfa\" data-element_type=\"section\" data-e-type=\"section\">\n\t\t\t\t\t\t<div class=\"elementor-container elementor-column-gap-default\">\n\t\t\t\t\t<div class=\"elementor-column elementor-col-33 elementor-inner-column elementor-element elementor-element-52a2786\" data-id=\"52a2786\" data-element_type=\"column\" data-e-type=\"column\">\n\t\t\t<div class=\"elementor-widget-wrap elementor-element-populated\">\n\t\t\t\t\t\t<div class=\"elementor-element elementor-element-b1bed24 elementor-widget elementor-widget-image\" data-id=\"b1bed24\" data-element_type=\"widget\" data-e-type=\"widget\" data-widget_type=\"image.default\">\n\t\t\t\t<div class=\"elementor-widget-container\">\n\t\t\t\t\t\t\t\t\t\t\t\t\t\t\t\t<a href=\"https:\/\/play.google.com\/store\/apps\/details?id=com.panoraama.Rokua_geopark&#038;hl=fi\" target=\"_blank\">\n\t\t\t\t\t\t\t<img decoding=\"async\" src=\"https:\/\/panoraama.com\/website\/wp-content\/uploads\/elementor\/thumbs\/google_play-rinwh72qi2ham96seb1rd9sso4xp5vylhpp209svf6.png\" title=\"google_play\" alt=\"Googlen Play-kauppa\" loading=\"lazy\" \/>\t\t\t\t\t\t\t\t<\/a>\n\t\t\t\t\t\t\t\t\t\t\t\t\t\t\t<\/div>\n\t\t\t\t<\/div>\n\t\t\t\t\t<\/div>\n\t\t<\/div>\n\t\t\t\t<div class=\"elementor-column elementor-col-33 elementor-inner-column elementor-element elementor-element-c64e231\" data-id=\"c64e231\" data-element_type=\"column\" data-e-type=\"column\">\n\t\t\t<div class=\"elementor-widget-wrap elementor-element-populated\">\n\t\t\t\t\t\t<div class=\"elementor-element elementor-element-dc0e734 elementor-widget elementor-widget-image\" data-id=\"dc0e734\" data-element_type=\"widget\" data-e-type=\"widget\" data-widget_type=\"image.default\">\n\t\t\t\t<div class=\"elementor-widget-container\">\n\t\t\t\t\t\t\t\t\t\t\t\t\t\t\t\t<a href=\"https:\/\/itunes.apple.com\/fi\/app\/rokuageopark3d\/id1213350924?l=fi&#038;mt=8\" target=\"_blank\">\n\t\t\t\t\t\t\t<img decoding=\"async\" src=\"https:\/\/panoraama.com\/website\/wp-content\/uploads\/elementor\/thumbs\/app_store-rinwgs1bgpwpghsmu4jq9dlf5yztqqaw3n9abuf66q.png\" title=\"app_store\" alt=\"Applen AppStore\" loading=\"lazy\" \/>\t\t\t\t\t\t\t\t<\/a>\n\t\t\t\t\t\t\t\t\t\t\t\t\t\t\t<\/div>\n\t\t\t\t<\/div>\n\t\t\t\t\t<\/div>\n\t\t<\/div>\n\t\t\t\t<div class=\"elementor-column elementor-col-33 elementor-inner-column elementor-element elementor-element-b2f102d\" data-id=\"b2f102d\" data-element_type=\"column\" data-e-type=\"column\">\n\t\t\t<div class=\"elementor-widget-wrap\">\n\t\t\t\t\t\t\t<\/div>\n\t\t<\/div>\n\t\t\t\t\t<\/div>\n\t\t<\/section>\n\t\t\t\t\t<\/div>\n\t\t<\/div>\n\t\t\t\t\t<\/div>\n\t\t<\/section>\n\t\t\t\t<section class=\"elementor-section elementor-top-section elementor-element elementor-element-747337a elementor-section-height-min-height elementor-reverse-mobile elementor-section-boxed elementor-section-height-default elementor-section-items-middle\" data-id=\"747337a\" data-element_type=\"section\" data-e-type=\"section\" data-settings=\"{&quot;background_background&quot;:&quot;classic&quot;}\">\n\t\t\t\t\t\t\t<div class=\"elementor-background-overlay\"><\/div>\n\t\t\t\t\t\t\t<div class=\"elementor-container elementor-column-gap-default\">\n\t\t\t\t\t<div class=\"elementor-column elementor-col-100 elementor-top-column elementor-element elementor-element-efbfe8e\" data-id=\"efbfe8e\" data-element_type=\"column\" data-e-type=\"column\">\n\t\t\t<div class=\"elementor-widget-wrap elementor-element-populated\">\n\t\t\t\t\t\t<div class=\"elementor-element elementor-element-123bdd8 elementor-widget elementor-widget-heading\" data-id=\"123bdd8\" data-element_type=\"widget\" data-e-type=\"widget\" data-widget_type=\"heading.default\">\n\t\t\t\t<div class=\"elementor-widget-container\">\n\t\t\t\t\t<h2 class=\"elementor-heading-title elementor-size-default\">SkiMap3D Tahko<\/h2>\t\t\t\t<\/div>\n\t\t\t\t<\/div>\n\t\t\t\t<div class=\"elementor-element elementor-element-26c5f37 elementor-widget elementor-widget-video\" data-id=\"26c5f37\" data-element_type=\"widget\" data-e-type=\"widget\" data-settings=\"{&quot;youtube_url&quot;:&quot;https:\\\/\\\/youtu.be\\\/DJATgs7BaXs&quot;,&quot;mute&quot;:&quot;yes&quot;,&quot;video_type&quot;:&quot;youtube&quot;,&quot;controls&quot;:&quot;yes&quot;}\" data-widget_type=\"video.default\">\n\t\t\t\t<div class=\"elementor-widget-container\">\n\t\t\t\t\t\t\t<div class=\"elementor-wrapper elementor-open-inline\">\n\t\t\t<div class=\"elementor-video\"><\/div>\t\t<\/div>\n\t\t\t\t\t\t<\/div>\n\t\t\t\t<\/div>\n\t\t\t\t<div class=\"elementor-element elementor-element-3dcebf5 elementor-widget elementor-widget-text-editor\" data-id=\"3dcebf5\" data-element_type=\"widget\" data-e-type=\"widget\" data-widget_type=\"text-editor.default\">\n\t\t\t\t<div class=\"elementor-widget-container\">\n\t\t\t\t\t\t\t\t\t<p>Tahko on tunnettu matkailukeskus, joka sijaitsee Nilsi\u00e4ss\u00e4, Kuopiossa. Rinteit\u00e4 on yhteens\u00e4 24 kappaletta, ja korkeuseroa on 200 metri\u00e4. Kehitt\u00e4m\u00e4mme SkiMap3D-sovellus n\u00e4ytt\u00e4\u00e4 mm. rinteiden tilan reaaliajassa ja k\u00e4ytt\u00e4j\u00e4n sijainnin kartalla.<\/p>\t\t\t\t\t\t\t\t<\/div>\n\t\t\t\t<\/div>\n\t\t\t\t<div class=\"elementor-element elementor-element-1a58e5c elementor-widget elementor-widget-heading\" data-id=\"1a58e5c\" data-element_type=\"widget\" data-e-type=\"widget\" data-widget_type=\"heading.default\">\n\t\t\t\t<div class=\"elementor-widget-container\">\n\t\t\t\t\t<h4 class=\"elementor-heading-title elementor-size-default\">Lataa SkiMap3D Tahko -mobiilisovellus:<\/h4>\t\t\t\t<\/div>\n\t\t\t\t<\/div>\n\t\t\t\t<section class=\"elementor-section elementor-inner-section elementor-element elementor-element-b3066cc elementor-section-boxed elementor-section-height-default elementor-section-height-default\" data-id=\"b3066cc\" data-element_type=\"section\" data-e-type=\"section\">\n\t\t\t\t\t\t<div class=\"elementor-container elementor-column-gap-default\">\n\t\t\t\t\t<div class=\"elementor-column elementor-col-33 elementor-inner-column elementor-element elementor-element-d6028dc\" data-id=\"d6028dc\" data-element_type=\"column\" data-e-type=\"column\">\n\t\t\t<div class=\"elementor-widget-wrap elementor-element-populated\">\n\t\t\t\t\t\t<div class=\"elementor-element elementor-element-6f112a1 elementor-widget elementor-widget-image\" data-id=\"6f112a1\" data-element_type=\"widget\" data-e-type=\"widget\" data-widget_type=\"image.default\">\n\t\t\t\t<div class=\"elementor-widget-container\">\n\t\t\t\t\t\t\t\t\t\t\t\t\t\t\t\t<a href=\"https:\/\/play.google.com\/store\/apps\/details?id=com.HSvisualArt.SkiMap3D_Tahko\" target=\"_blank\">\n\t\t\t\t\t\t\t<img decoding=\"async\" src=\"https:\/\/panoraama.com\/website\/wp-content\/uploads\/elementor\/thumbs\/google_play-rinwh72qi2ham96seb1rd9sso4xp5vylhpp209svf6.png\" title=\"google_play\" alt=\"Googlen Play-kauppa\" loading=\"lazy\" \/>\t\t\t\t\t\t\t\t<\/a>\n\t\t\t\t\t\t\t\t\t\t\t\t\t\t\t<\/div>\n\t\t\t\t<\/div>\n\t\t\t\t\t<\/div>\n\t\t<\/div>\n\t\t\t\t<div class=\"elementor-column elementor-col-33 elementor-inner-column elementor-element elementor-element-747e199\" data-id=\"747e199\" data-element_type=\"column\" data-e-type=\"column\">\n\t\t\t<div class=\"elementor-widget-wrap elementor-element-populated\">\n\t\t\t\t\t\t<div class=\"elementor-element elementor-element-a5a92f7 elementor-widget elementor-widget-image\" data-id=\"a5a92f7\" data-element_type=\"widget\" data-e-type=\"widget\" data-widget_type=\"image.default\">\n\t\t\t\t<div class=\"elementor-widget-container\">\n\t\t\t\t\t\t\t\t\t\t\t\t\t\t\t\t<a href=\"https:\/\/itunes.apple.com\/fi\/app\/skimap3d-tahko\/id1067116039?mt=8\" target=\"_blank\">\n\t\t\t\t\t\t\t<img decoding=\"async\" src=\"https:\/\/panoraama.com\/website\/wp-content\/uploads\/elementor\/thumbs\/app_store-rinwgs1bgpwpghsmu4jq9dlf5yztqqaw3n9abuf66q.png\" title=\"app_store\" alt=\"Applen AppStore\" loading=\"lazy\" \/>\t\t\t\t\t\t\t\t<\/a>\n\t\t\t\t\t\t\t\t\t\t\t\t\t\t\t<\/div>\n\t\t\t\t<\/div>\n\t\t\t\t\t<\/div>\n\t\t<\/div>\n\t\t\t\t<div class=\"elementor-column elementor-col-33 elementor-inner-column elementor-element elementor-element-43d0412\" data-id=\"43d0412\" data-element_type=\"column\" data-e-type=\"column\">\n\t\t\t<div class=\"elementor-widget-wrap\">\n\t\t\t\t\t\t\t<\/div>\n\t\t<\/div>\n\t\t\t\t\t<\/div>\n\t\t<\/section>\n\t\t\t\t\t<\/div>\n\t\t<\/div>\n\t\t\t\t\t<\/div>\n\t\t<\/section>\n\t\t\t\t<section class=\"elementor-section elementor-top-section elementor-element elementor-element-bbb8453 elementor-section-boxed elementor-section-height-default elementor-section-height-default\" data-id=\"bbb8453\" data-element_type=\"section\" data-e-type=\"section\" data-settings=\"{&quot;background_background&quot;:&quot;classic&quot;}\">\n\t\t\t\t\t\t\t<div class=\"elementor-background-overlay\"><\/div>\n\t\t\t\t\t\t\t<div class=\"elementor-container elementor-column-gap-default\">\n\t\t\t\t\t<div class=\"elementor-column elementor-col-33 elementor-top-column elementor-element elementor-element-513db084\" data-id=\"513db084\" data-element_type=\"column\" data-e-type=\"column\">\n\t\t\t<div class=\"elementor-widget-wrap elementor-element-populated\">\n\t\t\t\t\t\t<div class=\"elementor-element elementor-element-d699ec3 elementor-widget elementor-widget-image\" data-id=\"d699ec3\" data-element_type=\"widget\" data-e-type=\"widget\" data-widget_type=\"image.default\">\n\t\t\t\t<div class=\"elementor-widget-container\">\n\t\t\t\t\t\t\t\t\t\t\t\t\t\t\t\t<a href=\"http:\/\/www.panoraama.com\/tahko\/3d\/\" target=\"_blank\">\n\t\t\t\t\t\t\t<img decoding=\"async\" width=\"150\" height=\"150\" src=\"https:\/\/panoraama.com\/website\/wp-content\/uploads\/2019\/02\/kuvake_tahko_skimap3d-150x150.png\" class=\"attachment-thumbnail size-thumbnail wp-image-148\" alt=\"\" srcset=\"https:\/\/panoraama.com\/website\/wp-content\/uploads\/2019\/02\/kuvake_tahko_skimap3d-150x150.png 150w, https:\/\/panoraama.com\/website\/wp-content\/uploads\/2019\/02\/kuvake_tahko_skimap3d.png 200w\" sizes=\"(max-width: 150px) 100vw, 150px\" \/>\t\t\t\t\t\t\t\t<\/a>\n\t\t\t\t\t\t\t\t\t\t\t\t\t\t\t<\/div>\n\t\t\t\t<\/div>\n\t\t\t\t\t<\/div>\n\t\t<\/div>\n\t\t\t\t<div class=\"elementor-column elementor-col-33 elementor-top-column elementor-element elementor-element-9092d0a\" data-id=\"9092d0a\" data-element_type=\"column\" data-e-type=\"column\">\n\t\t\t<div class=\"elementor-widget-wrap elementor-element-populated\">\n\t\t\t\t\t\t<div class=\"elementor-element elementor-element-caa8925 elementor-widget elementor-widget-image\" data-id=\"caa8925\" data-element_type=\"widget\" data-e-type=\"widget\" data-widget_type=\"image.default\">\n\t\t\t\t<div class=\"elementor-widget-container\">\n\t\t\t\t\t\t\t\t\t\t\t\t\t\t\t\t<a href=\"http:\/\/www.panoraama.com\/yllas\/3d\/\" target=\"_blank\">\n\t\t\t\t\t\t\t<img decoding=\"async\" width=\"150\" height=\"150\" src=\"https:\/\/panoraama.com\/website\/wp-content\/uploads\/2019\/02\/kuvake_yllas_skimap3d-150x150.png\" class=\"attachment-thumbnail size-thumbnail wp-image-157\" alt=\"\" srcset=\"https:\/\/panoraama.com\/website\/wp-content\/uploads\/2019\/02\/kuvake_yllas_skimap3d-150x150.png 150w, https:\/\/panoraama.com\/website\/wp-content\/uploads\/2019\/02\/kuvake_yllas_skimap3d.png 181w\" sizes=\"(max-width: 150px) 100vw, 150px\" \/>\t\t\t\t\t\t\t\t<\/a>\n\t\t\t\t\t\t\t\t\t\t\t\t\t\t\t<\/div>\n\t\t\t\t<\/div>\n\t\t\t\t\t<\/div>\n\t\t<\/div>\n\t\t\t\t<div class=\"elementor-column elementor-col-33 elementor-top-column elementor-element elementor-element-295953a\" data-id=\"295953a\" data-element_type=\"column\" data-e-type=\"column\">\n\t\t\t<div class=\"elementor-widget-wrap elementor-element-populated\">\n\t\t\t\t\t\t\t<\/div>\n\t\t<\/div>\n\t\t\t\t\t<\/div>\n\t\t<\/section>\n\t\t\t\t<\/div>\n\t\t","protected":false},"excerpt":{"rendered":"<p>skimap3d Uutta tekniikkaa edustavat 3D-kartat ja 3D-rinnekartat. Valmistamme Android- ja iOS-laitteilla toimivia sovelluksia. SkiMap3D-rinnekartoista voidaan n\u00e4hd\u00e4 yhdell\u00e4 silm\u00e4yksell\u00e4 avoimet hissit ja rinteet. Sovelluksessa voidaan my\u00f6s katsella karttaa eri suunnista, tarkistaa oma sijainti ja mitata et\u00e4isyyksi\u00e4. SkiMap3D-kartat mahdollistavat my\u00f6s esimerkiksi retkeilyreittien esittelemisen. Rokua Geopark 3D-kartta Rokuan Geopark on matkailualue, joka on saanut UNESCO Global Geopark -statuksen. &hellip; <\/p>\n<p class=\"link-more\"><a href=\"https:\/\/panoraama.com\/website\/skimap3d\/\" class=\"more-link\">Jatka lukemista<span class=\"screen-reader-text\"> &#8221;SkiMap3D&#8221;<\/span><\/a><\/p>\n","protected":false},"author":1,"featured_media":0,"parent":0,"menu_order":0,"comment_status":"closed","ping_status":"closed","template":"elementor_header_footer","meta":{"footnotes":""},"class_list":["post-142","page","type-page","status-publish","hentry","entry"],"_links":{"self":[{"href":"https:\/\/panoraama.com\/website\/wp-json\/wp\/v2\/pages\/142","targetHints":{"allow":["GET"]}}],"collection":[{"href":"https:\/\/panoraama.com\/website\/wp-json\/wp\/v2\/pages"}],"about":[{"href":"https:\/\/panoraama.com\/website\/wp-json\/wp\/v2\/types\/page"}],"author":[{"embeddable":true,"href":"https:\/\/panoraama.com\/website\/wp-json\/wp\/v2\/users\/1"}],"replies":[{"embeddable":true,"href":"https:\/\/panoraama.com\/website\/wp-json\/wp\/v2\/comments?post=142"}],"version-history":[{"count":37,"href":"https:\/\/panoraama.com\/website\/wp-json\/wp\/v2\/pages\/142\/revisions"}],"predecessor-version":[{"id":1925,"href":"https:\/\/panoraama.com\/website\/wp-json\/wp\/v2\/pages\/142\/revisions\/1925"}],"wp:attachment":[{"href":"https:\/\/panoraama.com\/website\/wp-json\/wp\/v2\/media?parent=142"}],"curies":[{"name":"wp","href":"https:\/\/api.w.org\/{rel}","templated":true}]}}