{"id":1829,"date":"2025-02-19T16:01:01","date_gmt":"2025-02-19T14:01:01","guid":{"rendered":"https:\/\/panoraama.com\/website\/?page_id=1829"},"modified":"2025-04-28T14:05:28","modified_gmt":"2025-04-28T11:05:28","slug":"web-kartat","status":"publish","type":"page","link":"https:\/\/panoraama.com\/website\/web-kartat\/","title":{"rendered":"Web kartat"},"content":{"rendered":"\t\t<div data-elementor-type=\"wp-page\" data-elementor-id=\"1829\" class=\"elementor elementor-1829\">\n\t\t\t\t\t\t<section class=\"elementor-section elementor-top-section elementor-element elementor-element-b724789 elementor-section-full_width elementor-section-stretched elementor-section-height-default elementor-section-height-default\" data-id=\"b724789\" data-element_type=\"section\" data-e-type=\"section\" data-settings=\"{&quot;background_background&quot;:&quot;classic&quot;,&quot;stretch_section&quot;:&quot;section-stretched&quot;}\">\n\t\t\t\t\t\t\t<div class=\"elementor-background-overlay\"><\/div>\n\t\t\t\t\t\t\t<div class=\"elementor-container elementor-column-gap-default\">\n\t\t\t\t\t<div class=\"elementor-column elementor-col-100 elementor-top-column elementor-element elementor-element-2326812\" data-id=\"2326812\" data-element_type=\"column\" data-e-type=\"column\">\n\t\t\t<div class=\"elementor-widget-wrap elementor-element-populated\">\n\t\t\t\t\t\t<div class=\"elementor-element elementor-element-80432c2 elementor-widget elementor-widget-heading\" data-id=\"80432c2\" data-element_type=\"widget\" data-e-type=\"widget\" data-widget_type=\"heading.default\">\n\t\t\t\t<div class=\"elementor-widget-container\">\n\t\t\t\t\t<h2 class=\"elementor-heading-title elementor-size-default\">WEB-KARTAT<\/h2>\t\t\t\t<\/div>\n\t\t\t\t<\/div>\n\t\t\t\t\t<\/div>\n\t\t<\/div>\n\t\t\t\t\t<\/div>\n\t\t<\/section>\n\t\t\t\t<section class=\"elementor-section elementor-top-section elementor-element elementor-element-dacd874 elementor-section-stretched elementor-section-boxed elementor-section-height-default elementor-section-height-default\" data-id=\"dacd874\" data-element_type=\"section\" data-e-type=\"section\" data-settings=\"{&quot;stretch_section&quot;:&quot;section-stretched&quot;}\">\n\t\t\t\t\t\t<div class=\"elementor-container elementor-column-gap-default\">\n\t\t\t\t\t<div class=\"elementor-column elementor-col-100 elementor-top-column elementor-element elementor-element-699c861\" data-id=\"699c861\" data-element_type=\"column\" data-e-type=\"column\">\n\t\t\t<div class=\"elementor-widget-wrap elementor-element-populated\">\n\t\t\t\t\t\t<div class=\"elementor-element elementor-element-eb6fc80 elementor-widget elementor-widget-text-editor\" data-id=\"eb6fc80\" data-element_type=\"widget\" data-e-type=\"widget\" data-widget_type=\"text-editor.default\">\n\t\t\t\t<div class=\"elementor-widget-container\">\n\t\t\t\t\t\t\t\t\t<p>Interaktiiviset kartat kertovat realiaikaiset tiedot hisseist\u00e4 ja rinteist\u00e4. T\u00e4pp\u00e4\u00e4m\u00e4ll\u00e4 hissilinjaa saat n\u00e4kyviin sen tietoja, kuten aukioloajat.<\/p><p>Alla esimerkki Rukan hiihtokeskuksesta. Yl\u00e4valikosta valitsemalla p\u00e4\u00e4set tarkastelemaan yhteiskartan lis\u00e4ksi Rukan it\u00e4- ja l\u00e4nsipuolen interaktiivisia karttoja.<\/p><p>Koska Rukalla on paljon toimintaa kes\u00e4isinkin, kartan voi vaihtaa kes\u00e4vuodenaikaan oikealla olevasta kuvakkeesta, ja n\u00e4in n\u00e4et tiedot esimerkiksi alam\u00e4kipy\u00f6r\u00e4ilyreiteist\u00e4. Alueella ollessasi voit n\u00e4hd\u00e4 yhteiskartalla my\u00f6s oman sijaintisi.<\/p>\t\t\t\t\t\t\t\t<\/div>\n\t\t\t\t<\/div>\n\t\t\t\t\t<\/div>\n\t\t<\/div>\n\t\t\t\t\t<\/div>\n\t\t<\/section>\n\t\t\t\t<section class=\"elementor-section elementor-top-section elementor-element elementor-element-60a05b3 elementor-section-full_width elementor-section-stretched elementor-section-height-full elementor-section-height-default elementor-section-items-middle\" data-id=\"60a05b3\" data-element_type=\"section\" data-e-type=\"section\" data-settings=\"{&quot;stretch_section&quot;:&quot;section-stretched&quot;}\">\n\t\t\t\t\t\t<div class=\"elementor-container elementor-column-gap-default\">\n\t\t\t\t\t<div class=\"elementor-column elementor-col-100 elementor-top-column elementor-element elementor-element-919aa0e\" data-id=\"919aa0e\" data-element_type=\"column\" data-e-type=\"column\">\n\t\t\t<div class=\"elementor-widget-wrap elementor-element-populated\">\n\t\t\t\t\t\t<div class=\"elementor-element elementor-element-84a7753 elementor-widget elementor-widget-html\" data-id=\"84a7753\" data-element_type=\"widget\" data-e-type=\"widget\" data-widget_type=\"html.default\">\n\t\t\t\t<div class=\"elementor-widget-container\">\n\t\t\t\t\t<iframe src=\"https:\/\/www.panoraama.com\/ruka\/rinnekartta\/rinnekartta_scale_test.phtml?kar=ke \" width=100% height=1000px> <\/iframe>\t\t\t\t<\/div>\n\t\t\t\t<\/div>\n\t\t\t\t\t<\/div>\n\t\t<\/div>\n\t\t\t\t\t<\/div>\n\t\t<\/section>\n\t\t\t\t<section class=\"elementor-section elementor-top-section elementor-element elementor-element-399a7f6b elementor-section-full_width elementor-section-height-default elementor-section-height-default\" data-id=\"399a7f6b\" data-element_type=\"section\" data-e-type=\"section\">\n\t\t\t\t\t\t<div class=\"elementor-container elementor-column-gap-wide\">\n\t\t\t\t\t<div class=\"elementor-column elementor-col-100 elementor-top-column elementor-element elementor-element-1160acb5\" data-id=\"1160acb5\" data-element_type=\"column\" data-e-type=\"column\">\n\t\t\t<div class=\"elementor-widget-wrap\">\n\t\t\t\t\t\t\t<\/div>\n\t\t<\/div>\n\t\t\t\t\t<\/div>\n\t\t<\/section>\n\t\t\t\t<\/div>\n\t\t","protected":false},"excerpt":{"rendered":"<p>WEB-KARTAT Interaktiiviset kartat kertovat realiaikaiset tiedot hisseist\u00e4 ja rinteist\u00e4. T\u00e4pp\u00e4\u00e4m\u00e4ll\u00e4 hissilinjaa saat n\u00e4kyviin sen tietoja, kuten aukioloajat. Alla esimerkki Rukan hiihtokeskuksesta. Yl\u00e4valikosta valitsemalla p\u00e4\u00e4set tarkastelemaan yhteiskartan lis\u00e4ksi Rukan it\u00e4- ja l\u00e4nsipuolen interaktiivisia karttoja. Koska Rukalla on paljon toimintaa kes\u00e4isinkin, kartan voi vaihtaa kes\u00e4vuodenaikaan oikealla olevasta kuvakkeesta, ja n\u00e4in n\u00e4et tiedot esimerkiksi alam\u00e4kipy\u00f6r\u00e4ilyreiteist\u00e4. Alueella ollessasi voit &hellip; <\/p>\n<p class=\"link-more\"><a href=\"https:\/\/panoraama.com\/website\/web-kartat\/\" class=\"more-link\">Jatka lukemista<span class=\"screen-reader-text\"> &#8221;Web kartat&#8221;<\/span><\/a><\/p>\n","protected":false},"author":2,"featured_media":0,"parent":0,"menu_order":0,"comment_status":"closed","ping_status":"closed","template":"","meta":{"footnotes":""},"class_list":["post-1829","page","type-page","status-publish","hentry","entry"],"_links":{"self":[{"href":"https:\/\/panoraama.com\/website\/wp-json\/wp\/v2\/pages\/1829","targetHints":{"allow":["GET"]}}],"collection":[{"href":"https:\/\/panoraama.com\/website\/wp-json\/wp\/v2\/pages"}],"about":[{"href":"https:\/\/panoraama.com\/website\/wp-json\/wp\/v2\/types\/page"}],"author":[{"embeddable":true,"href":"https:\/\/panoraama.com\/website\/wp-json\/wp\/v2\/users\/2"}],"replies":[{"embeddable":true,"href":"https:\/\/panoraama.com\/website\/wp-json\/wp\/v2\/comments?post=1829"}],"version-history":[{"count":68,"href":"https:\/\/panoraama.com\/website\/wp-json\/wp\/v2\/pages\/1829\/revisions"}],"predecessor-version":[{"id":2023,"href":"https:\/\/panoraama.com\/website\/wp-json\/wp\/v2\/pages\/1829\/revisions\/2023"}],"wp:attachment":[{"href":"https:\/\/panoraama.com\/website\/wp-json\/wp\/v2\/media?parent=1829"}],"curies":[{"name":"wp","href":"https:\/\/api.w.org\/{rel}","templated":true}]}}