{"id":2575,"date":"2026-03-23T12:42:16","date_gmt":"2026-03-23T10:42:16","guid":{"rendered":"https:\/\/panoraama.com\/website\/?page_id=2575"},"modified":"2026-03-23T15:47:24","modified_gmt":"2026-03-23T13:47:24","slug":"tietosuojaseloste","status":"publish","type":"page","link":"https:\/\/panoraama.com\/website\/tietosuojaseloste\/","title":{"rendered":"Tietosuojaseloste"},"content":{"rendered":"\t\t<div data-elementor-type=\"wp-page\" data-elementor-id=\"2575\" class=\"elementor elementor-2575\">\n\t\t\t\t\t\t<section class=\"elementor-section elementor-top-section elementor-element elementor-element-b86864e elementor-section-boxed elementor-section-height-default elementor-section-height-default\" data-id=\"b86864e\" data-element_type=\"section\" data-e-type=\"section\">\n\t\t\t\t\t\t<div class=\"elementor-container elementor-column-gap-default\">\n\t\t\t\t\t<div class=\"elementor-column elementor-col-100 elementor-top-column elementor-element elementor-element-f0a9368\" data-id=\"f0a9368\" data-element_type=\"column\" data-e-type=\"column\">\n\t\t\t<div class=\"elementor-widget-wrap elementor-element-populated\">\n\t\t\t\t\t\t<div class=\"elementor-element elementor-element-09aa4bf elementor-widget elementor-widget-text-editor\" data-id=\"09aa4bf\" data-element_type=\"widget\" data-e-type=\"widget\" data-widget_type=\"text-editor.default\">\n\t\t\t\t<div class=\"elementor-widget-container\">\n\t\t\t\t\t\t\t\t\t<p style=\"margin: 0px 0px 1.5em; padding: 0px; color: #000000; font-family: Arial, sans-serif; font-size: 16px;\">Rekisterinpit\u00e4j\u00e4: Hannu Sievil\u00e4<\/p>\n<p style=\"margin: 0px 0px 1.5em; padding: 0px; color: #000000; font-family: Arial, sans-serif; font-size: 16px;\">Yrityksen nimi: HS-visual Art Ky<\/p>\n<p style=\"margin: 0px 0px 1.5em; padding: 0px; color: #000000; font-family: Arial, sans-serif; font-size: 16px;\">Y-tunnus: 1609985-0<\/p>\n<p style=\"margin: 0px 0px 1.5em; padding: 0px; color: #000000; font-family: Arial, sans-serif; font-size: 16px;\">Osoite: Lossipaikantie 3b 88300 Paltamo<\/p>\n<p style=\"margin: 0px 0px 1.5em; padding: 0px; color: #000000; font-family: Arial, sans-serif;\"><span style=\"font-size: 16px;\">S\u00e4hk\u00f6posti: hanski@panoraama.com<\/span><\/p>\n<p style=\"margin: 0px 0px 1.5em; padding: 0px; color: #000000; font-family: Arial, sans-serif; font-size: 16px;\"><span style=\"font-weight: bold;\">Ker\u00e4tt\u00e4v\u00e4t tiedot<\/span><\/p>\n<p style=\"margin: 0px 0px 1.5em; padding: 0px; color: #000000; font-family: Arial, sans-serif; font-size: 16px;\">Yhteydenottolomakkeen\/tilauslomakkeen kautta voidaan ker\u00e4t\u00e4 seuraavat tiedot:<\/p>\n<ul style=\"overflow-wrap: break-word; margin: 0px 0px 1.5em; padding: 0px; color: #000000; font-family: Arial, sans-serif; font-size: 16px;\">\n<li>\n<p style=\"margin: 0px 0px 1.5em; padding: 0px;\">Etunimi<\/p>\n<\/li>\n<li>\n<p style=\"margin: 0px 0px 1.5em; padding: 0px;\">Sukunimi<\/p>\n<\/li>\n<li>\n<p style=\"margin: 0px 0px 1.5em; padding: 0px;\">Puhelinnumero<\/p>\n<\/li>\n<li>\n<p style=\"margin: 0px 0px 1.5em; padding: 0px;\">Osoite<\/p>\n<\/li>\n<li>\n<p style=\"margin: 0px 0px 1.5em; padding: 0px;\">S\u00e4hk\u00f6postiosoite<\/p>\n<\/li>\n<li>\n<p style=\"margin: 0px 0px 1.5em; padding: 0px;\">Viesti<\/p>\n<\/li>\n<\/ul>\n<p style=\"margin: 0px 0px 1.5em; padding: 0px; color: #000000; font-family: Arial, sans-serif; font-size: 16px;\"><span style=\"font-weight: bold;\">Tietojen k\u00e4ytt\u00f6tarkoitus<\/span><br>Tietoja k\u00e4ytet\u00e4\u00e4n ainoastaan asiakkaan yhteydenottoon vastaamiseen ja asiakaspalveluun.<\/p>\n<p style=\"margin: 0px 0px 1.5em; padding: 0px; color: #000000; font-family: Arial, sans-serif; font-size: 16px;\"><span style=\"font-weight: bold;\">Tietojen s\u00e4ilytysaika<\/span><br>Tietoja s\u00e4ilytet\u00e4\u00e4n vain niin kauan kuin on tarpeen yhteydenoton k\u00e4sittelemiseksi.<\/p>\n<p style=\"margin: 0px 0px 1.5em; padding: 0px; color: #000000; font-family: Arial, sans-serif; font-size: 16px;\"><span style=\"font-weight: bold;\">Tietojen luovutus<\/span><br>Tietoja ei luovuteta kolmansille osapuolille ilman asiakkaan suostumusta, ellei laki sit\u00e4 edellyt\u00e4.<\/p>\n<p style=\"margin: 0px 0px 1.5em; padding: 0px; color: #000000; font-family: Arial, sans-serif; font-size: 16px;\"><span style=\"font-weight: bold;\">Rekister\u00f6idyn oikeudet<\/span><br>Rekister\u00f6idyll\u00e4 on oikeus:<\/p>\n<ul style=\"overflow-wrap: break-word; margin: 0px 0px 1.5em; padding: 0px; color: #000000; font-family: Arial, sans-serif; font-size: 16px;\">\n<li>\n<p style=\"margin: 0px 0px 1.5em; padding: 0px;\">tarkistaa itse\u00e4\u00e4n koskevat tiedot<\/p>\n<\/li>\n<li>\n<p style=\"margin: 0px 0px 1.5em; padding: 0px;\">pyyt\u00e4\u00e4 tietojen oikaisua tai poistamista<\/p>\n<\/li>\n<li>\n<p style=\"margin: 0px 0px 1.5em; padding: 0px;\">rajoittaa tietojen k\u00e4sittely\u00e4<\/p>\n<\/li>\n<li>\n<p style=\"margin: 0px 0px 1.5em; padding: 0px;\">tehd\u00e4 valitus tietosuojavaltuutetulle<\/p>\n<\/li>\n<\/ul>\n<p style=\"margin: 0px 0px 1.5em; padding: 0px; color: #000000; font-family: Arial, sans-serif; font-size: 16px;\">Yhteydenotot tietosuojaan liittyen<br>Kaikki tietosuojaan liittyv\u00e4t pyynn\u00f6t voi l\u00e4hett\u00e4\u00e4 s\u00e4hk\u00f6postitse rekisterinpit\u00e4j\u00e4lle.<\/p>\t\t\t\t\t\t\t\t<\/div>\n\t\t\t\t<\/div>\n\t\t\t\t\t<\/div>\n\t\t<\/div>\n\t\t\t\t\t<\/div>\n\t\t<\/section>\n\t\t\t\t<\/div>\n\t\t","protected":false},"excerpt":{"rendered":"<p>Rekisterinpit\u00e4j\u00e4: Hannu Sievil\u00e4 Yrityksen nimi: HS-visual Art Ky Y-tunnus: 1609985-0 Osoite: Lossipaikantie 3b 88300 Paltamo S\u00e4hk\u00f6posti: hanski@panoraama.com Ker\u00e4tt\u00e4v\u00e4t tiedot Yhteydenottolomakkeen\/tilauslomakkeen kautta voidaan ker\u00e4t\u00e4 seuraavat tiedot: Etunimi Sukunimi Puhelinnumero Osoite S\u00e4hk\u00f6postiosoite Viesti Tietojen k\u00e4ytt\u00f6tarkoitusTietoja k\u00e4ytet\u00e4\u00e4n ainoastaan asiakkaan yhteydenottoon vastaamiseen ja asiakaspalveluun. Tietojen s\u00e4ilytysaikaTietoja s\u00e4ilytet\u00e4\u00e4n vain niin kauan kuin on tarpeen yhteydenoton k\u00e4sittelemiseksi. Tietojen luovutusTietoja ei luovuteta &hellip; <\/p>\n<p class=\"link-more\"><a href=\"https:\/\/panoraama.com\/website\/tietosuojaseloste\/\" class=\"more-link\">Jatka lukemista<span class=\"screen-reader-text\"> &#8221;Tietosuojaseloste&#8221;<\/span><\/a><\/p>\n","protected":false},"author":2,"featured_media":0,"parent":0,"menu_order":0,"comment_status":"closed","ping_status":"closed","template":"","meta":{"footnotes":""},"class_list":["post-2575","page","type-page","status-publish","hentry","entry"],"_links":{"self":[{"href":"https:\/\/panoraama.com\/website\/wp-json\/wp\/v2\/pages\/2575","targetHints":{"allow":["GET"]}}],"collection":[{"href":"https:\/\/panoraama.com\/website\/wp-json\/wp\/v2\/pages"}],"about":[{"href":"https:\/\/panoraama.com\/website\/wp-json\/wp\/v2\/types\/page"}],"author":[{"embeddable":true,"href":"https:\/\/panoraama.com\/website\/wp-json\/wp\/v2\/users\/2"}],"replies":[{"embeddable":true,"href":"https:\/\/panoraama.com\/website\/wp-json\/wp\/v2\/comments?post=2575"}],"version-history":[{"count":14,"href":"https:\/\/panoraama.com\/website\/wp-json\/wp\/v2\/pages\/2575\/revisions"}],"predecessor-version":[{"id":2622,"href":"https:\/\/panoraama.com\/website\/wp-json\/wp\/v2\/pages\/2575\/revisions\/2622"}],"wp:attachment":[{"href":"https:\/\/panoraama.com\/website\/wp-json\/wp\/v2\/media?parent=2575"}],"curies":[{"name":"wp","href":"https:\/\/api.w.org\/{rel}","templated":true}]}}